{"id":16,"date":"2023-04-24T04:08:12","date_gmt":"2023-04-24T04:08:12","guid":{"rendered":"https:\/\/ttnb.vanloi-log.vn\/?page_id=16"},"modified":"2023-04-26T16:49:59","modified_gmt":"2023-04-26T09:49:59","slug":"contact","status":"publish","type":"page","link":"https:\/\/ttnb.vanloi-log.vn\/?page_id=16","title":{"rendered":"Contact"},"content":{"rendered":"\r\n<p>This is a page with some basic contact information, such as an address and phone number. You might also try a plugin to add a contact form.<\/p>\r\n<ul>\r\n<li><em><strong>\u0111\u00e2y l\u00e0 v\u00ed d\u1ee5 trang<img loading=\"lazy\" decoding=\"async\" class=\"alignnone size-medium wp-image-36\" src=\"https:\/\/ttnb.vanloi-log.vn\/wp-content\/uploads\/2023\/04\/cropped-VL_logo_gradient-300x300.png\" alt=\"\" width=\"300\" height=\"300\" srcset=\"https:\/\/ttnb.vanloi-log.vn\/wp-content\/uploads\/2023\/04\/cropped-VL_logo_gradient-300x300.png 300w, https:\/\/ttnb.vanloi-log.vn\/wp-content\/uploads\/2023\/04\/cropped-VL_logo_gradient-1024x1024.png 1024w, https:\/\/ttnb.vanloi-log.vn\/wp-content\/uploads\/2023\/04\/cropped-VL_logo_gradient-150x150.png 150w, https:\/\/ttnb.vanloi-log.vn\/wp-content\/uploads\/2023\/04\/cropped-VL_logo_gradient-768x768.png 768w, https:\/\/ttnb.vanloi-log.vn\/wp-content\/uploads\/2023\/04\/cropped-VL_logo_gradient-1536x1536.png 1536w, https:\/\/ttnb.vanloi-log.vn\/wp-content\/uploads\/2023\/04\/cropped-VL_logo_gradient-2048x2048.png 2048w\" sizes=\"auto, (max-width: 300px) 100vw, 300px\" \/><\/strong><\/em><\/li>\r\n<\/ul>\r\n","protected":false},"excerpt":{"rendered":"<p>This is a page with some basic contact information, such as an address and phone number. You might also try<\/p>\n","protected":false},"author":2,"featured_media":0,"parent":0,"menu_order":0,"comment_status":"closed","ping_status":"closed","template":"page-templates\/contact.php","meta":{"footnotes":""},"class_list":["post-16","page","type-page","status-publish","hentry"],"yoast_head":"<!-- This site is optimized with the Yoast SEO plugin v20.5 - https:\/\/yoast.com\/wordpress\/plugins\/seo\/ -->\n<title>Contact - Truy\u1ec1n Th\u00f4ng N\u1ed9i B\u1ed9 - V\u1ea1n L\u1ee3i<\/title>\n<meta name=\"robots\" content=\"index, follow, max-snippet:-1, max-image-preview:large, max-video-preview:-1\" \/>\n<link rel=\"canonical\" href=\"https:\/\/ttnb.vanloi-log.vn\/?page_id=16\" \/>\n<meta property=\"og:locale\" content=\"vi_VN\" \/>\n<meta property=\"og:type\" content=\"article\" \/>\n<meta property=\"og:title\" content=\"Contact - Truy\u1ec1n Th\u00f4ng N\u1ed9i B\u1ed9 - V\u1ea1n L\u1ee3i\" \/>\n<meta property=\"og:description\" content=\"This is a page with some basic contact information, such as an address and phone number. You might also try\" \/>\n<meta property=\"og:url\" content=\"https:\/\/ttnb.vanloi-log.vn\/?page_id=16\" \/>\n<meta property=\"og:site_name\" content=\"Truy\u1ec1n Th\u00f4ng N\u1ed9i B\u1ed9 - V\u1ea1n L\u1ee3i\" \/>\n<meta property=\"article:modified_time\" content=\"2023-04-26T09:49:59+00:00\" \/>\n<meta property=\"og:image\" content=\"https:\/\/ttnb.vanloi-log.vn\/wp-content\/uploads\/2023\/04\/cropped-VL_logo_gradient-300x300.png\" \/>\n<meta name=\"twitter:card\" content=\"summary_large_image\" \/>\n<meta name=\"twitter:label1\" content=\"\u01af\u1edbc t\u00ednh th\u1eddi gian \u0111\u1ecdc\" \/>\n\t<meta name=\"twitter:data1\" content=\"1 ph\u00fat\" \/>\n<script type=\"application\/ld+json\" class=\"yoast-schema-graph\">{\"@context\":\"https:\/\/schema.org\",\"@graph\":[{\"@type\":\"WebPage\",\"@id\":\"https:\/\/ttnb.vanloi-log.vn\/?page_id=16\",\"url\":\"https:\/\/ttnb.vanloi-log.vn\/?page_id=16\",\"name\":\"Contact - Truy\u1ec1n Th\u00f4ng N\u1ed9i B\u1ed9 - V\u1ea1n L\u1ee3i\",\"isPartOf\":{\"@id\":\"https:\/\/ttnb.vanloi-log.vn\/#website\"},\"datePublished\":\"2023-04-24T04:08:12+00:00\",\"dateModified\":\"2023-04-26T09:49:59+00:00\",\"breadcrumb\":{\"@id\":\"https:\/\/ttnb.vanloi-log.vn\/?page_id=16#breadcrumb\"},\"inLanguage\":\"vi\",\"potentialAction\":[{\"@type\":\"ReadAction\",\"target\":[\"https:\/\/ttnb.vanloi-log.vn\/?page_id=16\"]}]},{\"@type\":\"BreadcrumbList\",\"@id\":\"https:\/\/ttnb.vanloi-log.vn\/?page_id=16#breadcrumb\",\"itemListElement\":[{\"@type\":\"ListItem\",\"position\":1,\"name\":\"Home\",\"item\":\"https:\/\/ttnb.vanloi-log.vn\/\"},{\"@type\":\"ListItem\",\"position\":2,\"name\":\"Contact\"}]},{\"@type\":\"WebSite\",\"@id\":\"https:\/\/ttnb.vanloi-log.vn\/#website\",\"url\":\"https:\/\/ttnb.vanloi-log.vn\/\",\"name\":\"Truy\u1ec1n Th\u00f4ng N\u1ed9i B\u1ed9 - V\u1ea1n L\u1ee3i\",\"description\":\"\",\"publisher\":{\"@id\":\"https:\/\/ttnb.vanloi-log.vn\/#organization\"},\"potentialAction\":[{\"@type\":\"SearchAction\",\"target\":{\"@type\":\"EntryPoint\",\"urlTemplate\":\"https:\/\/ttnb.vanloi-log.vn\/?s={search_term_string}\"},\"query-input\":\"required name=search_term_string\"}],\"inLanguage\":\"vi\"},{\"@type\":\"Organization\",\"@id\":\"https:\/\/ttnb.vanloi-log.vn\/#organization\",\"name\":\"Truy\u1ec1n Th\u00f4ng N\u1ed9i B\u1ed9 - V\u1ea1n L\u1ee3i\",\"url\":\"https:\/\/ttnb.vanloi-log.vn\/\",\"logo\":{\"@type\":\"ImageObject\",\"inLanguage\":\"vi\",\"@id\":\"https:\/\/ttnb.vanloi-log.vn\/#\/schema\/logo\/image\/\",\"url\":\"https:\/\/ttnb.vanloi-log.vn\/wp-content\/uploads\/2023\/04\/cropped-VL_logo_solid.png\",\"contentUrl\":\"https:\/\/ttnb.vanloi-log.vn\/wp-content\/uploads\/2023\/04\/cropped-VL_logo_solid.png\",\"width\":150,\"height\":150,\"caption\":\"Truy\u1ec1n Th\u00f4ng N\u1ed9i B\u1ed9 - V\u1ea1n L\u1ee3i\"},\"image\":{\"@id\":\"https:\/\/ttnb.vanloi-log.vn\/#\/schema\/logo\/image\/\"}}]}<\/script>\n<!-- \/ Yoast SEO plugin. -->","yoast_head_json":{"title":"Contact - Truy\u1ec1n Th\u00f4ng N\u1ed9i B\u1ed9 - V\u1ea1n L\u1ee3i","robots":{"index":"index","follow":"follow","max-snippet":"max-snippet:-1","max-image-preview":"max-image-preview:large","max-video-preview":"max-video-preview:-1"},"canonical":"https:\/\/ttnb.vanloi-log.vn\/?page_id=16","og_locale":"vi_VN","og_type":"article","og_title":"Contact - Truy\u1ec1n Th\u00f4ng N\u1ed9i B\u1ed9 - V\u1ea1n L\u1ee3i","og_description":"This is a page with some basic contact information, such as an address and phone number. You might also try","og_url":"https:\/\/ttnb.vanloi-log.vn\/?page_id=16","og_site_name":"Truy\u1ec1n Th\u00f4ng N\u1ed9i B\u1ed9 - V\u1ea1n L\u1ee3i","article_modified_time":"2023-04-26T09:49:59+00:00","og_image":[{"url":"https:\/\/ttnb.vanloi-log.vn\/wp-content\/uploads\/2023\/04\/cropped-VL_logo_gradient-300x300.png"}],"twitter_card":"summary_large_image","twitter_misc":{"\u01af\u1edbc t\u00ednh th\u1eddi gian \u0111\u1ecdc":"1 ph\u00fat"},"schema":{"@context":"https:\/\/schema.org","@graph":[{"@type":"WebPage","@id":"https:\/\/ttnb.vanloi-log.vn\/?page_id=16","url":"https:\/\/ttnb.vanloi-log.vn\/?page_id=16","name":"Contact - Truy\u1ec1n Th\u00f4ng N\u1ed9i B\u1ed9 - V\u1ea1n L\u1ee3i","isPartOf":{"@id":"https:\/\/ttnb.vanloi-log.vn\/#website"},"datePublished":"2023-04-24T04:08:12+00:00","dateModified":"2023-04-26T09:49:59+00:00","breadcrumb":{"@id":"https:\/\/ttnb.vanloi-log.vn\/?page_id=16#breadcrumb"},"inLanguage":"vi","potentialAction":[{"@type":"ReadAction","target":["https:\/\/ttnb.vanloi-log.vn\/?page_id=16"]}]},{"@type":"BreadcrumbList","@id":"https:\/\/ttnb.vanloi-log.vn\/?page_id=16#breadcrumb","itemListElement":[{"@type":"ListItem","position":1,"name":"Home","item":"https:\/\/ttnb.vanloi-log.vn\/"},{"@type":"ListItem","position":2,"name":"Contact"}]},{"@type":"WebSite","@id":"https:\/\/ttnb.vanloi-log.vn\/#website","url":"https:\/\/ttnb.vanloi-log.vn\/","name":"Truy\u1ec1n Th\u00f4ng N\u1ed9i B\u1ed9 - V\u1ea1n L\u1ee3i","description":"","publisher":{"@id":"https:\/\/ttnb.vanloi-log.vn\/#organization"},"potentialAction":[{"@type":"SearchAction","target":{"@type":"EntryPoint","urlTemplate":"https:\/\/ttnb.vanloi-log.vn\/?s={search_term_string}"},"query-input":"required name=search_term_string"}],"inLanguage":"vi"},{"@type":"Organization","@id":"https:\/\/ttnb.vanloi-log.vn\/#organization","name":"Truy\u1ec1n Th\u00f4ng N\u1ed9i B\u1ed9 - V\u1ea1n L\u1ee3i","url":"https:\/\/ttnb.vanloi-log.vn\/","logo":{"@type":"ImageObject","inLanguage":"vi","@id":"https:\/\/ttnb.vanloi-log.vn\/#\/schema\/logo\/image\/","url":"https:\/\/ttnb.vanloi-log.vn\/wp-content\/uploads\/2023\/04\/cropped-VL_logo_solid.png","contentUrl":"https:\/\/ttnb.vanloi-log.vn\/wp-content\/uploads\/2023\/04\/cropped-VL_logo_solid.png","width":150,"height":150,"caption":"Truy\u1ec1n Th\u00f4ng N\u1ed9i B\u1ed9 - V\u1ea1n L\u1ee3i"},"image":{"@id":"https:\/\/ttnb.vanloi-log.vn\/#\/schema\/logo\/image\/"}}]}},"_links":{"self":[{"href":"https:\/\/ttnb.vanloi-log.vn\/index.php?rest_route=\/wp\/v2\/pages\/16","targetHints":{"allow":["GET"]}}],"collection":[{"href":"https:\/\/ttnb.vanloi-log.vn\/index.php?rest_route=\/wp\/v2\/pages"}],"about":[{"href":"https:\/\/ttnb.vanloi-log.vn\/index.php?rest_route=\/wp\/v2\/types\/page"}],"author":[{"embeddable":true,"href":"https:\/\/ttnb.vanloi-log.vn\/index.php?rest_route=\/wp\/v2\/users\/2"}],"replies":[{"embeddable":true,"href":"https:\/\/ttnb.vanloi-log.vn\/index.php?rest_route=%2Fwp%2Fv2%2Fcomments&post=16"}],"version-history":[{"count":4,"href":"https:\/\/ttnb.vanloi-log.vn\/index.php?rest_route=\/wp\/v2\/pages\/16\/revisions"}],"predecessor-version":[{"id":57,"href":"https:\/\/ttnb.vanloi-log.vn\/index.php?rest_route=\/wp\/v2\/pages\/16\/revisions\/57"}],"wp:attachment":[{"href":"https:\/\/ttnb.vanloi-log.vn\/index.php?rest_route=%2Fwp%2Fv2%2Fmedia&parent=16"}],"curies":[{"name":"wp","href":"https:\/\/api.w.org\/{rel}","templated":true}]}}